{"id":1655,"date":"2022-08-08T10:30:14","date_gmt":"2022-08-08T10:30:14","guid":{"rendered":"https:\/\/boxarthotel.com\/landing\/"},"modified":"2024-05-10T07:34:32","modified_gmt":"2024-05-10T07:34:32","slug":"landing","status":"publish","type":"page","link":"https:\/\/boxarthotel.com\/en\/","title":{"rendered":"Landing"},"content":{"rendered":"<div class=\"wpb-content-wrapper\">[vc_row pix_particles_check=&#8221;&#8221; css=&#8221;.vc_custom_1653294274611{margin-top: 4% !important;}&#8221;][vc_column]\n\t\t\t<!-- START sliderhome REVOLUTION SLIDER 6.7.41 --><p class=\"rs-p-wp-fix\"><\/p>\n\t\t\t<rs-module-wrap id=\"rev_slider_1_1_wrapper\" data-source=\"gallery\" style=\"visibility:hidden;background:transparent;padding:0;margin:0px auto;margin-top:0;margin-bottom:0;\">\n\t\t\t\t<rs-module id=\"rev_slider_1_1\" style=\"\" data-version=\"6.7.41\">\n\t\t\t\t\t<rs-slides style=\"overflow: hidden; position: absolute;\">\n\t\t\t\t\t\t<rs-slide style=\"position: absolute;\" data-key=\"rs-1\" data-title=\"Slide\" data-thumb=\"\/\/boxarthotel.com\/wp-content\/uploads\/2022\/10\/Screenshot-2022-10-19-at-11.38.29-50x100.png\" data-anim=\"adpr:false;\" data-in=\"o:0;\" data-out=\"a:false;\">\n\t\t\t\t\t\t\t<img decoding=\"async\" src=\"\/\/boxarthotel.com\/wp-content\/plugins\/revslider\/sr6\/assets\/assets\/dummy.png\" alt=\"\" title=\"Screenshot 2022-10-19 at 11.38.29\" width=\"2188\" height=\"1312\" class=\"rev-slidebg tp-rs-img rs-lazyload\" data-lazyload=\"\/\/boxarthotel.com\/wp-content\/uploads\/2022\/10\/Screenshot-2022-10-19-at-11.38.29.png\" data-no-retina>\n<!---->\t\t\t\t\t<\/rs-slide>\n\t\t\t\t\t\t<rs-slide style=\"position: absolute;\" data-key=\"rs-8\" data-title=\"Slide\" data-thumb=\"\/\/boxarthotel.com\/wp-content\/uploads\/2022\/05\/exterior-piscina-02-50x100.jpeg\" data-anim=\"adpr:false;\" data-in=\"o:0;\" data-out=\"a:false;\">\n\t\t\t\t\t\t\t<img decoding=\"async\" src=\"\/\/boxarthotel.com\/wp-content\/plugins\/revslider\/sr6\/assets\/assets\/dummy.png\" alt=\"\" title=\"exterior-piscina-02\" width=\"1200\" height=\"678\" class=\"rev-slidebg tp-rs-img rs-lazyload\" data-lazyload=\"\/\/boxarthotel.com\/wp-content\/uploads\/2022\/05\/exterior-piscina-02.jpeg\" data-no-retina>\n<!---->\t\t\t\t\t<\/rs-slide>\n\t\t\t\t\t\t<rs-slide style=\"position: absolute;\" data-key=\"rs-9\" data-title=\"Slide\" data-thumb=\"\/\/boxarthotel.com\/wp-content\/uploads\/2022\/05\/galeriaelhotel03-50x100.jpeg\" data-anim=\"adpr:false;\" data-in=\"o:0;\" data-out=\"a:false;\">\n\t\t\t\t\t\t\t<img decoding=\"async\" src=\"\/\/boxarthotel.com\/wp-content\/plugins\/revslider\/sr6\/assets\/assets\/dummy.png\" alt=\"\" title=\"galeriaelhotel03\" width=\"1200\" height=\"799\" class=\"rev-slidebg tp-rs-img rs-lazyload\" data-lazyload=\"\/\/boxarthotel.com\/wp-content\/uploads\/2022\/05\/galeriaelhotel03.jpeg\" data-no-retina>\n<!---->\t\t\t\t\t<\/rs-slide>\n\t\t\t\t\t\t<rs-slide style=\"position: absolute;\" data-key=\"rs-7\" data-title=\"Slide\" data-thumb=\"\/\/boxarthotel.com\/wp-content\/uploads\/2022\/05\/salon-chimenea-04_1-50x100.jpeg\" data-anim=\"adpr:false;\" data-in=\"o:0;\" data-out=\"a:false;\">\n\t\t\t\t\t\t\t<img decoding=\"async\" src=\"\/\/boxarthotel.com\/wp-content\/plugins\/revslider\/sr6\/assets\/assets\/dummy.png\" alt=\"\" title=\"salon-chimenea-04_1\" width=\"1200\" height=\"744\" class=\"rev-slidebg tp-rs-img rs-lazyload\" data-lazyload=\"\/\/boxarthotel.com\/wp-content\/uploads\/2022\/05\/salon-chimenea-04_1.jpeg\" data-no-retina>\n<!---->\t\t\t\t\t<\/rs-slide>\n\t\t\t\t\t<\/rs-slides>\n\t\t\t\t<\/rs-module>\n\t\t\t\t<script>\n\t\t\t\t\tsetREVStartSize({c: 'rev_slider_1_1',rl:[1240,1024,778,480],el:[700],gw:[1240],gh:[700],type:'standard',justify:'',layout:'fullwidth',mh:\"0\"});if (window.RS_MODULES!==undefined && window.RS_MODULES.modules!==undefined && window.RS_MODULES.modules[\"revslider11\"]!==undefined) {window.RS_MODULES.modules[\"revslider11\"].once = false;window.revapi1 = undefined;if (window.RS_MODULES.checkMinimal!==undefined) window.RS_MODULES.checkMinimal()}\n\t\t\t\t<\/script>\n\t\t\t<\/rs-module-wrap>\n\t\t\t<!-- END REVOLUTION SLIDER -->\n[\/vc_column][\/vc_row][vc_row pix_particles_check=&#8221;&#8221; css=&#8221;.vc_custom_1660033644988{padding-top: 5% !important;padding-bottom: 5% !important;}&#8221;][vc_column][vc_column_text el_class=&#8221;texto-landing&#8221; css=&#8221;.vc_custom_1660033671977{padding-right: 5% !important;padding-left: 5% !important;}&#8221;]\r\n<p style=\"text-align: center;\"><span style=\"color: #000000;\">Una cadena de hoteles especiales, \u00fanicos y distintos a todo.<\/span>\r\n<span style=\"color: #000000;\">En la incre\u00edble Sierra de Madrid.<\/span>\r\n<span style=\"color: #000000;\">En tus recuerdos para siempre.<\/span><\/p>\r\n[\/vc_column_text][\/vc_column][\/vc_row][vc_section pix_over_visibility=&#8221;&#8221; css=&#8221;.vc_custom_1660033710173{margin-bottom: 5% !important;}&#8221;][vc_row pix_particles_check=&#8221;&#8221;][vc_column width=&#8221;1\/2&#8243;]<div id=\"img-fcfeb1e09633e1d2160bcc8bf37be9e4\" class=\"pix-img-element d-inline-block \"  ><div class=\"pix-img-el     text-center d-inline-block  w-100 rounded-0\"  ><img loading=\"lazy\" decoding=\"async\" width=\"1152\" height=\"768\" src=\"https:\/\/boxarthotel.com\/wp-content\/uploads\/2022\/05\/Suite-1-e1653636967720.jpeg\" class=\"pix-img-elem rounded-0\" alt=\"Image link\" \/><\/div><\/div>[vc_row_inner content_placement=&#8221;middle&#8221; el_class=&#8221;cuadro-hoteles&#8221; css=&#8221;.vc_custom_1660032216618{margin-top: 20px !important;}&#8221;][vc_column_inner width=&#8221;1\/3&#8243;][vc_column_text el_class=&#8221;titulo-hotel&#8221;]<span style=\"color: #333333;\"><img loading=\"lazy\" decoding=\"async\" class=\"alignnone wp-image-1453\" src=\"https:\/\/boxarthotel.com\/wp-content\/uploads\/2022\/08\/divisor-linea-169x300.png\" alt=\"\" width=\"25\" height=\"44\" srcset=\"https:\/\/boxarthotel.com\/wp-content\/uploads\/2022\/08\/divisor-linea-169x300.png 169w, https:\/\/boxarthotel.com\/wp-content\/uploads\/2022\/08\/divisor-linea.png 194w\" sizes=\"auto, (max-width: 25px) 100vw, 25px\" \/>\u00a0 \u00a0La Torre<\/span>[\/vc_column_text][\/vc_column_inner][vc_column_inner width=&#8221;2\/3&#8243; css=&#8221;.vc_custom_1660032430611{margin-top: 5px !important;}&#8221;][vc_column_text el_class=&#8221;descubre&#8221;]<a href=\"https:\/\/boxarthotel.com\/en\/home\/\"><strong><span style=\"color: #000000;\">DESCUBRE LA TORRE &gt;<\/span><\/strong><\/a>[\/vc_column_text][\/vc_column_inner][\/vc_row_inner][\/vc_column][vc_column width=&#8221;1\/2&#8243;]<div id=\"img-5084ff2a3fe40669b6c3de8f8e140e44\" class=\"pix-img-element d-inline-block \"  ><div class=\"pix-img-el     text-center d-inline-block  w-100 rounded-0\"  ><img loading=\"lazy\" decoding=\"async\" width=\"2188\" height=\"1312\" src=\"https:\/\/boxarthotel.com\/wp-content\/uploads\/2022\/10\/Screenshot-2022-10-19-at-11.38.29.png\" class=\"pix-img-elem rounded-0\" alt=\"Image link\" srcset=\"https:\/\/boxarthotel.com\/wp-content\/uploads\/2022\/10\/Screenshot-2022-10-19-at-11.38.29.png 2188w, https:\/\/boxarthotel.com\/wp-content\/uploads\/2022\/10\/Screenshot-2022-10-19-at-11.38.29-300x180.png 300w, https:\/\/boxarthotel.com\/wp-content\/uploads\/2022\/10\/Screenshot-2022-10-19-at-11.38.29-1024x614.png 1024w, https:\/\/boxarthotel.com\/wp-content\/uploads\/2022\/10\/Screenshot-2022-10-19-at-11.38.29-768x461.png 768w, https:\/\/boxarthotel.com\/wp-content\/uploads\/2022\/10\/Screenshot-2022-10-19-at-11.38.29-1536x921.png 1536w, https:\/\/boxarthotel.com\/wp-content\/uploads\/2022\/10\/Screenshot-2022-10-19-at-11.38.29-2048x1228.png 2048w\" sizes=\"auto, (max-width: 2188px) 100vw, 2188px\" \/><\/div><\/div><div id=\"el1666268592310-daf1187f-2af7\" class=\"w-100 d-block \"><\/div>[vc_row_inner content_placement=&#8221;middle&#8221; el_class=&#8221;cuadro-hoteles&#8221; css=&#8221;.vc_custom_1660032216618{margin-top: 20px !important;}&#8221;][vc_column_inner width=&#8221;1\/3&#8243;][vc_column_text el_class=&#8221;titulo-hotel&#8221;]<span style=\"color: #333333;\"><img loading=\"lazy\" decoding=\"async\" class=\"alignnone wp-image-1453\" src=\"https:\/\/boxarthotel.com\/wp-content\/uploads\/2022\/08\/divisor-linea-169x300.png\" alt=\"\" width=\"25\" height=\"44\" srcset=\"https:\/\/boxarthotel.com\/wp-content\/uploads\/2022\/08\/divisor-linea-169x300.png 169w, https:\/\/boxarthotel.com\/wp-content\/uploads\/2022\/08\/divisor-linea.png 194w\" sizes=\"auto, (max-width: 25px) 100vw, 25px\" \/>\u00a0 \u00a0Alpino<\/span>[\/vc_column_text][\/vc_column_inner][vc_column_inner width=&#8221;2\/3&#8243; css=&#8221;.vc_custom_1660032451812{margin-top: 5px !important;}&#8221;][vc_column_text el_class=&#8221;descubre&#8221;]<a href=\"https:\/\/alpino.boxarthotel.com\"><strong><span style=\"color: #000000;\">DESCUBRE ALPINO &gt;<\/span><\/strong><\/a>[\/vc_column_text][\/vc_column_inner][\/vc_row_inner][\/vc_column][\/vc_row][\/vc_section][vc_section content_placement=&#8221;middle&#8221; pix_over_visibility=&#8221;&#8221;][vc_row equal_height=&#8221;yes&#8221; content_placement=&#8221;middle&#8221; pix_particles_check=&#8221;&#8221;][vc_column width=&#8221;1\/2&#8243; el_class=&#8221;home-col1&#8243;]<div id=\"img-f354f06ff71d6dc79e7e9a9223a413fd\" class=\"pix-img-element d-inline-block \"  ><div class=\"pix-img-el     text-center d-inline-block  w-100 rounded-0\"  ><img loading=\"lazy\" decoding=\"async\" width=\"1707\" height=\"2560\" src=\"https:\/\/boxarthotel.com\/wp-content\/uploads\/2022\/10\/Box-Art-Fachada-65-scaled.jpg\" class=\"pix-img-elem rounded-0\" alt=\"Image link\" srcset=\"https:\/\/boxarthotel.com\/wp-content\/uploads\/2022\/10\/Box-Art-Fachada-65-scaled.jpg 1707w, https:\/\/boxarthotel.com\/wp-content\/uploads\/2022\/10\/Box-Art-Fachada-65-200x300.jpg 200w, https:\/\/boxarthotel.com\/wp-content\/uploads\/2022\/10\/Box-Art-Fachada-65-683x1024.jpg 683w, https:\/\/boxarthotel.com\/wp-content\/uploads\/2022\/10\/Box-Art-Fachada-65-768x1152.jpg 768w, https:\/\/boxarthotel.com\/wp-content\/uploads\/2022\/10\/Box-Art-Fachada-65-1024x1536.jpg 1024w, https:\/\/boxarthotel.com\/wp-content\/uploads\/2022\/10\/Box-Art-Fachada-65-1365x2048.jpg 1365w\" sizes=\"auto, (max-width: 1707px) 100vw, 1707px\" \/><\/div><\/div><div id=\"el1660032816039-a808ea66-c9ed\" class=\"w-100 d-block \"><\/div>[vc_column_text el_class=&#8221;texto-landing&#8221;]\r\n<p class=\"p1\" style=\"text-align: center;\"><strong><span class=\"s1\" style=\"color: #000000;\">Sostenibilidad y m\u00e1ximo cuidado por el ambiente.<\/span><\/strong><\/p>\r\n&nbsp;\r\n<p class=\"p1\" style=\"text-align: center;\"><span class=\"s1\" style=\"color: #000000;\">Conocemos y disfrutamos la Sierra de Madrid desde hace a\u00f1os. Por ello, en todos los emprendimientos de BoxArt el cuidado con el medio ambiente es absoluto. Una idea que nos ha llevado a tomar decisiones como instalar sistemas de geotermia, dise\u00f1ar nuestras instalaciones considerando y respetando al m\u00e1ximo la vegetaci\u00f3n natural de los espacios que ocupamos.<\/span><\/p>\r\n[\/vc_column_text]<div id=\"el1660032810363-7bfbed18-46a4\" class=\"w-100 d-block \"><\/div>[\/vc_column][vc_column width=&#8221;1\/2&#8243; el_class=&#8221;home-col2&#8243;]<div id=\"el1660032877262-cccf8931-1649\" class=\"w-100 d-block \"><\/div>[vc_column_text el_class=&#8221;texto-landing&#8221;]\r\n<p style=\"text-align: center;\"><span style=\"color: #000000;\">Box Art ofrece actualmente dos hoteles: Alpino, en Navacerrada, y La Torre, en Collado Mediano.<\/span><\/p>\r\n&nbsp;\r\n<p style=\"text-align: center;\"><span style=\"color: #000000;\"><strong>Ideales para encuentros corporativos.<\/strong><\/span>\r\n<span style=\"color: #000000;\">Ambos ofrecen m\u00faltiples espacios y todas las comodidades para realizar todo tipo de encuentros corporativos como reuniones, retiros, sesiones de trabajo, etc.<\/span><\/p>\r\n&nbsp;\r\n<p style=\"text-align: center;\"><span style=\"color: #000000;\"><strong>Ideales para conocer la Sierra.<\/strong><\/span>\r\n<span style=\"color: #000000;\">La ubicaci\u00f3n de ambos es id\u00edlica para conocer, disfrutar y recorrer las zonas m\u00e1s bonitas de la Sierra. Hay cientos de opciones para caminar, andar en bicicleta y aprovechar todas las opciones que ofrece un entorno espectacular.<\/span><\/p>\r\n[\/vc_column_text]<div id=\"el1660032880869-7910f679-5792\" class=\"w-100 d-block \"><\/div><div id=\"img-65c3a1dc83d12c13edfbf3efd5c0c370\" class=\"pix-img-element d-inline-block \"  ><div class=\"pix-img-el     text-center d-inline-block  w-100 rounded-0\"  ><img loading=\"lazy\" decoding=\"async\" width=\"2560\" height=\"1707\" src=\"https:\/\/boxarthotel.com\/wp-content\/uploads\/2022\/05\/Suite-La-Torre-4-scaled.jpg\" class=\"pix-img-elem rounded-0\" alt=\"Image link\" srcset=\"https:\/\/boxarthotel.com\/wp-content\/uploads\/2022\/05\/Suite-La-Torre-4-scaled.jpg 2560w, https:\/\/boxarthotel.com\/wp-content\/uploads\/2022\/05\/Suite-La-Torre-4-300x200.jpg 300w, https:\/\/boxarthotel.com\/wp-content\/uploads\/2022\/05\/Suite-La-Torre-4-1024x683.jpg 1024w, https:\/\/boxarthotel.com\/wp-content\/uploads\/2022\/05\/Suite-La-Torre-4-768x512.jpg 768w, https:\/\/boxarthotel.com\/wp-content\/uploads\/2022\/05\/Suite-La-Torre-4-1536x1024.jpg 1536w, https:\/\/boxarthotel.com\/wp-content\/uploads\/2022\/05\/Suite-La-Torre-4-2048x1365.jpg 2048w\" sizes=\"auto, (max-width: 2560px) 100vw, 2560px\" \/><\/div><\/div><div id=\"el1666264488086-47fce479-5261\" class=\"w-100 d-block \"><\/div><div id=\"img-98b3b29c77bab1a3f0716ca53388136c\" class=\"pix-img-element d-inline-block \"  ><div class=\"pix-img-el     text-center d-inline-block  w-100 rounded-0\"  ><img loading=\"lazy\" decoding=\"async\" width=\"1707\" height=\"2560\" src=\"https:\/\/boxarthotel.com\/wp-content\/uploads\/2022\/10\/Box-Art-Sala-Lounge-Chimenea-71-scaled.jpg\" class=\"pix-img-elem rounded-0\" alt=\"Image link\" srcset=\"https:\/\/boxarthotel.com\/wp-content\/uploads\/2022\/10\/Box-Art-Sala-Lounge-Chimenea-71-scaled.jpg 1707w, https:\/\/boxarthotel.com\/wp-content\/uploads\/2022\/10\/Box-Art-Sala-Lounge-Chimenea-71-200x300.jpg 200w, https:\/\/boxarthotel.com\/wp-content\/uploads\/2022\/10\/Box-Art-Sala-Lounge-Chimenea-71-683x1024.jpg 683w, https:\/\/boxarthotel.com\/wp-content\/uploads\/2022\/10\/Box-Art-Sala-Lounge-Chimenea-71-768x1152.jpg 768w, https:\/\/boxarthotel.com\/wp-content\/uploads\/2022\/10\/Box-Art-Sala-Lounge-Chimenea-71-1024x1536.jpg 1024w, https:\/\/boxarthotel.com\/wp-content\/uploads\/2022\/10\/Box-Art-Sala-Lounge-Chimenea-71-1365x2048.jpg 1365w\" sizes=\"auto, (max-width: 1707px) 100vw, 1707px\" \/><\/div><\/div><div id=\"el1666264484295-aafb5f9c-9487\" class=\"w-100 d-block \"><\/div>[\/vc_column][\/vc_row][\/vc_section]<\/div>","protected":false},"excerpt":{"rendered":"[vc_row pix_particles_check=&#8221;&#8221; css=&#8221;.vc_custom_1653294274611{margin-top: 4% !important;}&#8221;][vc_column][\/vc_column][\/vc_row][vc_row pix_particles_check=&#8221;&#8221; css=&#8221;.vc_custom_1660033644988{padding-top: 5% !important;padding-bottom: 5% !important;}&#8221;][vc_column][vc_column_text el_class=&#8221;texto-landing&#8221; css=&#8221;.vc_custom_1660033671977{padding-right: 5% !important;padding-left: 5% !important;}&#8221;] Una cadena de hoteles especiales, \u00fanicos y distintos a todo. En la incre\u00edble Sierra de Madrid. En tus recuerdos para siempre. [\/vc_column_text][\/vc_column][\/vc_row][vc_section pix_over_visibility=&#8221;&#8221;&#8230;","protected":false},"author":2,"featured_media":0,"parent":0,"menu_order":0,"comment_status":"closed","ping_status":"closed","template":"","meta":{"footnotes":""},"class_list":["post-1655","page","type-page","status-publish","hentry"],"_links":{"self":[{"href":"https:\/\/boxarthotel.com\/en\/wp-json\/wp\/v2\/pages\/1655","targetHints":{"allow":["GET"]}}],"collection":[{"href":"https:\/\/boxarthotel.com\/en\/wp-json\/wp\/v2\/pages"}],"about":[{"href":"https:\/\/boxarthotel.com\/en\/wp-json\/wp\/v2\/types\/page"}],"author":[{"embeddable":true,"href":"https:\/\/boxarthotel.com\/en\/wp-json\/wp\/v2\/users\/2"}],"replies":[{"embeddable":true,"href":"https:\/\/boxarthotel.com\/en\/wp-json\/wp\/v2\/comments?post=1655"}],"version-history":[{"count":11,"href":"https:\/\/boxarthotel.com\/en\/wp-json\/wp\/v2\/pages\/1655\/revisions"}],"predecessor-version":[{"id":1952,"href":"https:\/\/boxarthotel.com\/en\/wp-json\/wp\/v2\/pages\/1655\/revisions\/1952"}],"wp:attachment":[{"href":"https:\/\/boxarthotel.com\/en\/wp-json\/wp\/v2\/media?parent=1655"}],"curies":[{"name":"wp","href":"https:\/\/api.w.org\/{rel}","templated":true}]}}