{"id":1357,"date":"2022-05-27T09:51:36","date_gmt":"2022-05-27T09:51:36","guid":{"rendered":"https:\/\/boxarthotel.com\/cancellation-policy-and-reservations-conditions\/"},"modified":"2024-05-10T06:45:17","modified_gmt":"2024-05-10T06:45:17","slug":"cancellation-policy-and-booking-conditions","status":"publish","type":"page","link":"https:\/\/boxarthotel.com\/en\/cancellation-policy-and-booking-conditions\/","title":{"rendered":"Cancellation policy and booking conditions"},"content":{"rendered":"<div class=\"wpb-content-wrapper\">[vc_row pix_particles_check=&#8221;&#8221; css=&#8221;.vc_custom_1654159721218{padding-top: 5% !important;padding-right: 5% !important;padding-bottom: 5% !important;padding-left: 5% !important;}&#8221;][vc_column css=&#8221;.vc_custom_1653387938654{padding-right: 5% !important;padding-left: 5% !important;}&#8221;]<div  class=\"pix-heading-el text-center \"><h1 class=\"text-black font-weight-bold h1 heading-text el-title_custom_color mb-12\" style=\"\" data-anim-type=\"\" data-anim-delay=\"0\">CANCELLATION POLICY AND RESERVATIONS CONDITIONS<\/h1><\/div><div id=\"el1653387851944-0c7b4f44-f71f\" class=\"w-100 d-block \"><\/div>[vc_column_text el_class=&#8221;texto2&#8243; css=&#8221;.vc_custom_1654598955921{padding-top: 3% !important;}&#8221;]\r\n<h2 style=\"text-align: left;\"><span style=\"color: #000000;\">POL\u00cdTICA DE CANCELACIONES<\/span><\/h2>\r\n[\/vc_column_text][vc_separator color=&#8221;black&#8221; align=&#8221;align_left&#8221; el_width=&#8221;10&#8243;][vc_column_text el_class=&#8221;texto&#8221;]<span style=\"color: #171717;\">_ Si cancelas o modificas la reserva hasta 15 d\u00edas antes de la fecha de llegada, el establecimiento no efectuar\u00e1 cargos.<\/span>\r\n\r\n<span style=\"color: #171717;\">_ Si cancelas o modificas la reserva hasta 7 d\u00edas antes de la fecha de llegada, el establecimiento cargar\u00e1 el 30% de toda la estancia.<\/span>\r\n\r\n<span style=\"color: #171717;\">_ Si cancelas o modificas la reserva fuera de plazo o no te presentas, el establecimiento cargar\u00e1 la estancia completa.<\/span>\r\n\r\n&nbsp;\r\n\r\n<span style=\"color: #171717;\"><strong>C\u00d3MO CANCELAR<\/strong><\/span>\r\n\r\n&nbsp;\r\n\r\n<span style=\"color: #171717;\">Puedes utilizar el enlace que aparece en el e-mail de confirmaci\u00f3n para cancelar la reserva.<\/span>\r\n\r\n[\/vc_column_text][vc_column_text el_class=&#8221;texto2&#8243; css=&#8221;.vc_custom_1653644978392{padding-top: 3% !important;}&#8221;]\r\n<h2 style=\"text-align: left;\"><span style=\"color: #000000;\">CONDICIONES DE LA RESERVA\r\n<\/span><\/h2>\r\n[\/vc_column_text][vc_separator color=&#8221;black&#8221; align=&#8221;align_left&#8221; el_width=&#8221;10&#8243;][vc_column_text el_class=&#8221;texto&#8221;]<span style=\"color: #171717;\"><strong>RESERVAS<\/strong><\/span>\r\n\r\n&nbsp;\r\n\r\n<span style=\"color: #171717;\">_ Entrada: \u00a0 \u00a0 \u00a0 \u00a014:00 \u2013 23:00 h.<\/span>\r\n\r\n<span style=\"color: #171717;\">_ Salida: \u00a0 \u00a0 \u00a0 \u00a0 \u00a0 \u00a012:00 h.<\/span>\r\n\r\n&nbsp;\r\n\r\n<span style=\"color: #171717;\"><strong>HORARIO RECEPCI\u00d3N<\/strong><\/span>\r\n\r\n&nbsp;\r\n\r\n<span style=\"color: #171717;\">Hasta las 23:30 h. Si va a llegar m\u00e1s tarde de esa hora es necesario que lo comunique al Hotel.<\/span>\r\n\r\n&nbsp;\r\n\r\n<span style=\"color: #171717;\"><strong>CONDICIONES SOBRE NI\u00d1OS<\/strong><\/span>\r\n\r\n&nbsp;\r\n\r\n<strong><span style=\"color: #171717;\">Ni\u00f1os bienvenidos a partir de 12 a\u00f1os.<\/span><\/strong>\r\n\r\n&nbsp;\r\n\r\n<span style=\"color: #171717;\"><strong>OTRAS CONSIDERACIONES:<\/strong><\/span>\r\n\r\n&nbsp;\r\n\r\n<span style=\"color: #171717;\">_ Las\u00a0<strong>CAMAS SUPLETORIAS\u00a0<\/strong>est\u00e1n disponibles bajo petici\u00f3n y deben ser confirmadas por el Hotel. S\u00f3lo disponible en dos habitaciones. Uso para una persona.<\/span>\r\n\r\n<span style=\"color: #171717;\">_\u00a0<strong>1 Adulto se puede alojar por 50\u20ac por persona y noche en cama supletoria.<\/strong><\/span>\r\n\r\n<span style=\"color: #171717;\">_ Los suplementos no se calculan autom\u00e1ticamente en el importe total y deben pagarse por separado durante la estancia.<\/span>\r\n\r\n<span style=\"color: #171717;\">_\u00a0<strong>MASCOTAS:<\/strong>\u00a0No se admiten uso de las instalaciones: El uso de las instalaciones del hotel, tales como SPA y piscina, se efectuar\u00e1n bajo la absoluta responsabilidad del hu\u00e9sped.<\/span>\r\n\r\n<span style=\"color: #171717;\">_<strong>GRUPOS:<\/strong>\u00a0Al reservar m\u00e1s de dos habitaciones, podr\u00e1n aplicarse condiciones especiales y suplementos.<\/span>\r\n\r\n<span style=\"color: #171717;\"><strong>_ OCUPANTES POR HABITACI\u00d3N:\u00a0<\/strong>La habitaci\u00f3n ser\u00e1 utilizado por un m\u00e1ximo de dos personas. El uso por m\u00e1s personas requerir\u00e1 la previa autorizaci\u00f3n del hotel y conllevar\u00e1 el cargo de un suplemento.<\/span>\r\n\r\n<span style=\"color: #171717;\"><strong>_ UTILIZACI\u00d3N HABITACI\u00d3N PARA PREPARACI\u00d3N BODA<\/strong>: Cuando el uso de la habitaci\u00f3n conlleve la preparaci\u00f3n de una boda, al precio de alojamiento, se le incrementar\u00e1 un\u00a0<strong>SUPLEMENTO DE 250,00\u20ac.<\/strong><\/span>[\/vc_column_text][\/vc_column][\/vc_row]<\/div>","protected":false},"excerpt":{"rendered":"[vc_row pix_particles_check=&#8221;&#8221; css=&#8221;.vc_custom_1654159721218{padding-top: 5% !important;padding-right: 5% !important;padding-bottom: 5% !important;padding-left: 5% !important;}&#8221;][vc_column css=&#8221;.vc_custom_1653387938654{padding-right: 5% !important;padding-left: 5% !important;}&#8221;][vc_column_text el_class=&#8221;texto2&#8243; css=&#8221;.vc_custom_1654598955921{padding-top: 3% !important;}&#8221;] POL\u00cdTICA DE CANCELACIONES [\/vc_column_text][vc_separator color=&#8221;black&#8221; align=&#8221;align_left&#8221; el_width=&#8221;10&#8243;][vc_column_text el_class=&#8221;texto&#8221;]_ Si cancelas o modificas la reserva hasta 15 d\u00edas antes de la&#8230;","protected":false},"author":2,"featured_media":0,"parent":0,"menu_order":0,"comment_status":"closed","ping_status":"closed","template":"","meta":{"footnotes":""},"class_list":["post-1357","page","type-page","status-publish","hentry"],"_links":{"self":[{"href":"https:\/\/boxarthotel.com\/en\/wp-json\/wp\/v2\/pages\/1357","targetHints":{"allow":["GET"]}}],"collection":[{"href":"https:\/\/boxarthotel.com\/en\/wp-json\/wp\/v2\/pages"}],"about":[{"href":"https:\/\/boxarthotel.com\/en\/wp-json\/wp\/v2\/types\/page"}],"author":[{"embeddable":true,"href":"https:\/\/boxarthotel.com\/en\/wp-json\/wp\/v2\/users\/2"}],"replies":[{"embeddable":true,"href":"https:\/\/boxarthotel.com\/en\/wp-json\/wp\/v2\/comments?post=1357"}],"version-history":[{"count":9,"href":"https:\/\/boxarthotel.com\/en\/wp-json\/wp\/v2\/pages\/1357\/revisions"}],"predecessor-version":[{"id":1814,"href":"https:\/\/boxarthotel.com\/en\/wp-json\/wp\/v2\/pages\/1357\/revisions\/1814"}],"wp:attachment":[{"href":"https:\/\/boxarthotel.com\/en\/wp-json\/wp\/v2\/media?parent=1357"}],"curies":[{"name":"wp","href":"https:\/\/api.w.org\/{rel}","templated":true}]}}