{"id":1290,"date":"2022-05-24T11:05:17","date_gmt":"2022-05-24T11:05:17","guid":{"rendered":"https:\/\/boxarthotel.com\/our-rooms\/"},"modified":"2024-05-10T06:48:04","modified_gmt":"2024-05-10T06:48:04","slug":"our-rooms","status":"publish","type":"page","link":"https:\/\/boxarthotel.com\/en\/our-rooms\/","title":{"rendered":"Our Rooms"},"content":{"rendered":"<div class=\"wpb-content-wrapper\">[vc_row pix_particles_check=&#8221;&#8221; css=&#8221;.vc_custom_1653301092068{padding-top: 5% !important;padding-bottom: 5% !important;}&#8221;][vc_column css=&#8221;.vc_custom_1653387910196{padding-right: 5% !important;padding-left: 5% !important;}&#8221;]<div  class=\"pix-heading-el text-center \"><h1 class=\"text-black font-weight-bold h1 heading-text el-title_custom_color mb-12\" style=\"\" data-anim-type=\"\" data-anim-delay=\"0\">OUR ROOMS<\/h1><\/div><div id=\"el1653387886849-3a17a951-0068\" class=\"w-100 d-block \"><\/div>[\/vc_column][\/vc_row][vc_section pix_over_visibility=&#8221;&#8221;][vc_row pix_particles_check=&#8221;&#8221;][vc_column width=&#8221;1\/2&#8243; css=&#8221;.vc_custom_1653390439393{padding-bottom: 5% !important;}&#8221;][vc_column_text el_class=&#8221;texto&#8221;]<img loading=\"lazy\" decoding=\"async\" class=\"aligncenter wp-image-455 size-large\" src=\"https:\/\/boxarthotel.com\/wp-content\/uploads\/2022\/05\/Suite-la-Torre-1-1024x683.jpeg\" alt=\"\" width=\"640\" height=\"427\" srcset=\"https:\/\/boxarthotel.com\/wp-content\/uploads\/2022\/05\/Suite-la-Torre-1-1024x683.jpeg 1024w, https:\/\/boxarthotel.com\/wp-content\/uploads\/2022\/05\/Suite-la-Torre-1-300x200.jpeg 300w, https:\/\/boxarthotel.com\/wp-content\/uploads\/2022\/05\/Suite-la-Torre-1-768x512.jpeg 768w, https:\/\/boxarthotel.com\/wp-content\/uploads\/2022\/05\/Suite-la-Torre-1.jpeg 1152w\" sizes=\"auto, (max-width: 640px) 100vw, 640px\" \/>\r\n\r\n&nbsp;\r\n<div style=\"padding-left: 25px; padding-right: 25px;\">\r\n<h2 style=\"text-align: center;\"><span style=\"color: #000000;\">SUITE TORRE<\/span><\/h2>\r\n&nbsp;\r\n<p style=\"text-align: center;\"><span style=\"color: #000000;\"><strong>Desde 215\u20ac (Viernes, S\u00e1bados y Festivos 245\u20ac)<\/strong><\/span><\/p>\r\n&nbsp;\r\n<p style=\"text-align: center;\"><span style=\"color: #757575;\">Habitaci\u00f3n Duplex con unas fant\u00e1sticas vistas de la Sierra de Guadarrama.<\/span><\/p>\r\n\r\n<\/div>\r\n[\/vc_column_text][vc_btn title=&#8221;See room&#8221; style=&#8221;outline-custom&#8221; outline_custom_color=&#8221;#000000&#8243; outline_custom_hover_background=&#8221;#ffffff&#8221; outline_custom_hover_text=&#8221;#000000&#8243; shape=&#8221;square&#8221; align=&#8221;center&#8221; css=&#8221;.vc_custom_1653478341984{border-radius: 1px !important;}&#8221; el_class=&#8221;btn-habitacion&#8221; link=&#8221;url:https%3A%2F%2Fboxarthotel.com%2Fen%2Fsuite-torre%2F|title:Suite%20Torre|&#8221;][\/vc_column][vc_column width=&#8221;1\/2&#8243; css=&#8221;.vc_custom_1653390443995{padding-bottom: 5% !important;}&#8221;][vc_column_text el_class=&#8221;texto&#8221;]<img loading=\"lazy\" decoding=\"async\" class=\"aligncenter wp-image-484 size-large\" src=\"https:\/\/boxarthotel.com\/wp-content\/uploads\/2022\/05\/Suite-1-1024x683.jpeg\" alt=\"\" width=\"640\" height=\"427\" \/>\r\n\r\n&nbsp;\r\n<div style=\"padding-left: 25px; padding-right: 25px;\">\r\n<h2 style=\"text-align: center;\"><span style=\"color: #000000;\">SUITE<\/span><\/h2>\r\n&nbsp;\r\n<p style=\"text-align: center;\"><span style=\"color: #000000;\"><strong>Desde 185\u20ac (Viernes, S\u00e1bados y Festivos 220\u20ac)\r\n<\/strong><\/span><\/p>\r\n&nbsp;\r\n<div id=\"vbid-af5f980d-q4q6apm2\" class=\"preview-element preview-body magic-circle-holder text-element quick-text-style-menu allow-mobile-hide\" data-menu-name=\"PREVIEW_BODY\">\r\n<p style=\"text-align: center;\"><span style=\"color: #757575;\">Esta Suite incluye acceso directo a la terraza del hotel, as\u00ed como una ba\u00f1era independiente en el dormitorio.<\/span><\/p>\r\n\r\n<\/div>\r\n<\/div>\r\n[\/vc_column_text][vc_btn title=&#8221;See room&#8221; style=&#8221;outline-custom&#8221; outline_custom_color=&#8221;#000000&#8243; outline_custom_hover_background=&#8221;#ffffff&#8221; outline_custom_hover_text=&#8221;#000000&#8243; shape=&#8221;square&#8221; align=&#8221;center&#8221; css=&#8221;.vc_custom_1653478354252{border-radius: 1px !important;}&#8221; el_class=&#8221;btn-habitacion&#8221; link=&#8221;url:https%3A%2F%2Fboxarthotel.com%2Fen%2Fsuite%2F|title:Suite|&#8221;][\/vc_column][\/vc_row][vc_row pix_particles_check=&#8221;&#8221;][vc_column width=&#8221;1\/2&#8243; css=&#8221;.vc_custom_1653390439393{padding-bottom: 5% !important;}&#8221;][vc_column_text el_class=&#8221;texto&#8221;]<img loading=\"lazy\" decoding=\"async\" class=\"wp-image-488 size-large aligncenter\" src=\"https:\/\/boxarthotel.com\/wp-content\/uploads\/2022\/05\/Doble-Superior-2-1024x683.jpeg\" alt=\"\" width=\"640\" height=\"427\" srcset=\"https:\/\/boxarthotel.com\/wp-content\/uploads\/2022\/05\/Doble-Superior-2-1024x683.jpeg 1024w, https:\/\/boxarthotel.com\/wp-content\/uploads\/2022\/05\/Doble-Superior-2-300x200.jpeg 300w, https:\/\/boxarthotel.com\/wp-content\/uploads\/2022\/05\/Doble-Superior-2-768x512.jpeg 768w, https:\/\/boxarthotel.com\/wp-content\/uploads\/2022\/05\/Doble-Superior-2.jpeg 1152w\" sizes=\"auto, (max-width: 640px) 100vw, 640px\" \/>\r\n\r\n&nbsp;\r\n<div style=\"padding-left: 25px; padding-right: 25px;\">\r\n<h2 style=\"text-align: center;\"><span style=\"color: #000000;\">DOBLE SUPERIOR STANDARD<\/span><\/h2>\r\n&nbsp;\r\n<p style=\"text-align: center;\"><span style=\"color: #000000;\"><strong>Desde 145\u20ac (Viernes, S\u00e1bados y Festivos 170\u20ac)<\/strong><\/span><\/p>\r\n&nbsp;\r\n<p style=\"text-align: center;\"><span style=\"color: #757575;\">Bonita y moderna habitaci\u00f3n.<\/span><\/p>\r\n\r\n<\/div>\r\n[\/vc_column_text][vc_btn title=&#8221;See room&#8221; style=&#8221;outline-custom&#8221; outline_custom_color=&#8221;#000000&#8243; outline_custom_hover_background=&#8221;#ffffff&#8221; outline_custom_hover_text=&#8221;#000000&#8243; shape=&#8221;square&#8221; align=&#8221;center&#8221; css=&#8221;.vc_custom_1653478364214{border-radius: 1px !important;}&#8221; el_class=&#8221;btn-habitacion&#8221; link=&#8221;url:https%3A%2F%2Fboxarthotel.com%2Fen%2Fdoble-superior-standard%2F|title:Doble%20Superior%20Standard|&#8221;][\/vc_column][vc_column width=&#8221;1\/2&#8243; css=&#8221;.vc_custom_1653390443995{padding-bottom: 5% !important;}&#8221;][vc_column_text el_class=&#8221;texto&#8221;]<img loading=\"lazy\" decoding=\"async\" class=\"wp-image-492 size-large aligncenter\" src=\"https:\/\/boxarthotel.com\/wp-content\/uploads\/2022\/05\/Doble-Superior-3-1024x683.jpeg\" alt=\"\" width=\"640\" height=\"427\" srcset=\"https:\/\/boxarthotel.com\/wp-content\/uploads\/2022\/05\/Doble-Superior-3-1024x683.jpeg 1024w, https:\/\/boxarthotel.com\/wp-content\/uploads\/2022\/05\/Doble-Superior-3-300x200.jpeg 300w, https:\/\/boxarthotel.com\/wp-content\/uploads\/2022\/05\/Doble-Superior-3-768x512.jpeg 768w, https:\/\/boxarthotel.com\/wp-content\/uploads\/2022\/05\/Doble-Superior-3.jpeg 1152w\" sizes=\"auto, (max-width: 640px) 100vw, 640px\" \/>\r\n\r\n&nbsp;\r\n<div style=\"padding-left: 25px; padding-right: 25px;\">\r\n<h2 style=\"text-align: center;\"><span style=\"color: #000000;\">DOBLE SUPERIOR CON BALC\u00d3N<\/span><\/h2>\r\n&nbsp;\r\n<p style=\"text-align: center;\"><span style=\"color: #000000;\"><strong>Desde 160\u20ac (Viernes, S\u00e1bados y Festivos 180\u20ac)\r\n<\/strong><\/span><\/p>\r\n&nbsp;\r\n<div id=\"vbid-af5f980d-q4q6apm2\" class=\"preview-element preview-body magic-circle-holder text-element quick-text-style-menu allow-mobile-hide\" data-menu-name=\"PREVIEW_BODY\">\r\n<p style=\"text-align: center;\"><span style=\"color: #757575;\"> Bonitas y modernas habitaciones con Balc\u00f3n y fant\u00e1sticas vistas.<\/span><\/p>\r\n\r\n<\/div>\r\n<\/div>\r\n[\/vc_column_text][vc_btn title=&#8221;See room&#8221; style=&#8221;outline-custom&#8221; outline_custom_color=&#8221;#000000&#8243; outline_custom_hover_background=&#8221;#ffffff&#8221; outline_custom_hover_text=&#8221;#000000&#8243; shape=&#8221;square&#8221; align=&#8221;center&#8221; css=&#8221;.vc_custom_1653478371905{border-radius: 1px !important;}&#8221; el_class=&#8221;btn-habitacion&#8221; link=&#8221;url:https%3A%2F%2Fboxarthotel.com%2Fen%2Fdoble-superior-with-balcony%2F|title:Doble%20Superior%20with%20balcony|&#8221;][\/vc_column][\/vc_row][vc_row equal_height=&#8221;yes&#8221; pix_particles_check=&#8221;&#8221;][vc_column width=&#8221;1\/2&#8243; css=&#8221;.vc_custom_1653390439393{padding-bottom: 5% !important;}&#8221;][vc_column_text el_class=&#8221;texto&#8221;]<img loading=\"lazy\" decoding=\"async\" class=\"wp-image-494 size-large aligncenter\" src=\"https:\/\/boxarthotel.com\/wp-content\/uploads\/2022\/05\/Doble-Petit-Superior-1.-1024x683.jpg\" alt=\"\" width=\"640\" height=\"427\" srcset=\"https:\/\/boxarthotel.com\/wp-content\/uploads\/2022\/05\/Doble-Petit-Superior-1.-1024x683.jpg 1024w, https:\/\/boxarthotel.com\/wp-content\/uploads\/2022\/05\/Doble-Petit-Superior-1.-300x200.jpg 300w, https:\/\/boxarthotel.com\/wp-content\/uploads\/2022\/05\/Doble-Petit-Superior-1.-768x512.jpg 768w, https:\/\/boxarthotel.com\/wp-content\/uploads\/2022\/05\/Doble-Petit-Superior-1.-1536x1024.jpg 1536w, https:\/\/boxarthotel.com\/wp-content\/uploads\/2022\/05\/Doble-Petit-Superior-1.-2048x1365.jpg 2048w\" sizes=\"auto, (max-width: 640px) 100vw, 640px\" \/>\r\n\r\n&nbsp;\r\n<div style=\"padding-left: 25px; padding-right: 25px;\">\r\n<h2 style=\"text-align: center;\"><span style=\"color: #000000;\">DOBLE PETIT SUPERIOR<\/span><\/h2>\r\n&nbsp;\r\n<p style=\"text-align: center;\"><span style=\"color: #000000;\"><strong>Desde 125\u20ac (Viernes, S\u00e1bados y Festivos 152\u20ac)<\/strong><\/span><\/p>\r\n&nbsp;\r\n<p style=\"text-align: center;\"><span style=\"color: #757575;\">Bonita y moderna habitaci\u00f3n con vistas a la monta\u00f1a.<\/span><\/p>\r\n\r\n<\/div>\r\n[\/vc_column_text][vc_btn title=&#8221;See room&#8221; style=&#8221;outline-custom&#8221; outline_custom_color=&#8221;#000000&#8243; outline_custom_hover_background=&#8221;#ffffff&#8221; outline_custom_hover_text=&#8221;#000000&#8243; shape=&#8221;square&#8221; align=&#8221;center&#8221; css=&#8221;.vc_custom_1653478407521{border-radius: 1px !important;}&#8221; el_class=&#8221;btn-habitacion&#8221; link=&#8221;url:https%3A%2F%2Fboxarthotel.com%2Fen%2Fdoble-petit-superior%2F|title:Doble%20Petit%20Superior|&#8221;][\/vc_column][vc_column width=&#8221;1\/2&#8243; css=&#8221;.vc_custom_1653390443995{padding-bottom: 5% !important;}&#8221;][vc_column_text el_class=&#8221;texto&#8221;]<img loading=\"lazy\" decoding=\"async\" class=\"aligncenter wp-image-496 size-large\" src=\"https:\/\/boxarthotel.com\/wp-content\/uploads\/2022\/05\/Doble-Peti-1-1024x683.jpg\" alt=\"\" width=\"640\" height=\"427\" srcset=\"https:\/\/boxarthotel.com\/wp-content\/uploads\/2022\/05\/Doble-Peti-1-1024x683.jpg 1024w, https:\/\/boxarthotel.com\/wp-content\/uploads\/2022\/05\/Doble-Peti-1-300x200.jpg 300w, https:\/\/boxarthotel.com\/wp-content\/uploads\/2022\/05\/Doble-Peti-1-768x512.jpg 768w, https:\/\/boxarthotel.com\/wp-content\/uploads\/2022\/05\/Doble-Peti-1-1536x1024.jpg 1536w, https:\/\/boxarthotel.com\/wp-content\/uploads\/2022\/05\/Doble-Peti-1-2048x1365.jpg 2048w\" sizes=\"auto, (max-width: 640px) 100vw, 640px\" \/>\r\n\r\n&nbsp;\r\n<div style=\"padding-left: 25px; padding-right: 25px;\">\r\n<h2 style=\"text-align: center;\"><span style=\"color: #000000;\">DOBLE PETIT<\/span><\/h2>\r\n&nbsp;\r\n<p style=\"text-align: center;\"><span style=\"color: #000000;\"><strong>Desde 115\u20ac (Viernes, S\u00e1bados y Festivos 136\u20ac)\r\n<\/strong><\/span><\/p>\r\n&nbsp;\r\n<div id=\"vbid-af5f980d-q4q6apm2\" class=\"preview-element preview-body magic-circle-holder text-element quick-text-style-menu allow-mobile-hide\" data-menu-name=\"PREVIEW_BODY\">\r\n<p style=\"text-align: center;\"><span style=\"color: #757575;\"> Habitaci\u00f3n abuhardilla rom\u00e1ntica con ventana de arco y bonitas vistas al jard\u00edn.<\/span><\/p>\r\n\r\n<\/div>\r\n<\/div>\r\n[\/vc_column_text][vc_btn title=&#8221;See room&#8221; style=&#8221;outline-custom&#8221; outline_custom_color=&#8221;#000000&#8243; outline_custom_hover_background=&#8221;#ffffff&#8221; outline_custom_hover_text=&#8221;#000000&#8243; shape=&#8221;square&#8221; align=&#8221;center&#8221; css=&#8221;.vc_custom_1653478402761{border-radius: 1px !important;}&#8221; el_class=&#8221;btn-habitacion&#8221; link=&#8221;url:https%3A%2F%2Fboxarthotel.com%2Fen%2Fdoble-petit%2F|title:Doble%20Petit|&#8221;][\/vc_column][\/vc_row][\/vc_section]<\/div>","protected":false},"excerpt":{"rendered":"[vc_row pix_particles_check=&#8221;&#8221; css=&#8221;.vc_custom_1653301092068{padding-top: 5% !important;padding-bottom: 5% !important;}&#8221;][vc_column css=&#8221;.vc_custom_1653387910196{padding-right: 5% !important;padding-left: 5% !important;}&#8221;][\/vc_column][\/vc_row][vc_section pix_over_visibility=&#8221;&#8221;][vc_row pix_particles_check=&#8221;&#8221;][vc_column width=&#8221;1\/2&#8243; css=&#8221;.vc_custom_1653390439393{padding-bottom: 5% !important;}&#8221;][vc_column_text el_class=&#8221;texto&#8221;] &nbsp; SUITE TORRE &nbsp; Desde 215\u20ac (Viernes, S\u00e1bados y Festivos 245\u20ac) &nbsp; Habitaci\u00f3n Duplex con unas fant\u00e1sticas vistas de la Sierra&#8230;","protected":false},"author":2,"featured_media":0,"parent":0,"menu_order":0,"comment_status":"closed","ping_status":"closed","template":"","meta":{"footnotes":""},"class_list":["post-1290","page","type-page","status-publish","hentry"],"_links":{"self":[{"href":"https:\/\/boxarthotel.com\/en\/wp-json\/wp\/v2\/pages\/1290","targetHints":{"allow":["GET"]}}],"collection":[{"href":"https:\/\/boxarthotel.com\/en\/wp-json\/wp\/v2\/pages"}],"about":[{"href":"https:\/\/boxarthotel.com\/en\/wp-json\/wp\/v2\/types\/page"}],"author":[{"embeddable":true,"href":"https:\/\/boxarthotel.com\/en\/wp-json\/wp\/v2\/users\/2"}],"replies":[{"embeddable":true,"href":"https:\/\/boxarthotel.com\/en\/wp-json\/wp\/v2\/comments?post=1290"}],"version-history":[{"count":16,"href":"https:\/\/boxarthotel.com\/en\/wp-json\/wp\/v2\/pages\/1290\/revisions"}],"predecessor-version":[{"id":1808,"href":"https:\/\/boxarthotel.com\/en\/wp-json\/wp\/v2\/pages\/1290\/revisions\/1808"}],"wp:attachment":[{"href":"https:\/\/boxarthotel.com\/en\/wp-json\/wp\/v2\/media?parent=1290"}],"curies":[{"name":"wp","href":"https:\/\/api.w.org\/{rel}","templated":true}]}}